{"id":322,"date":"2023-12-21T20:46:50","date_gmt":"2023-12-21T23:46:50","guid":{"rendered":"https:\/\/codigosdaprisao.com.br\/?post_type=product&#038;p=322"},"modified":"2024-11-11T17:17:17","modified_gmt":"2024-11-11T20:17:17","slug":"livro-codigos-da-prisao","status":"publish","type":"product","link":"https:\/\/codigosdaprisao.com.br\/?product=livro-codigos-da-prisao","title":{"rendered":"Livro C\u00f3digos da Pris\u00e3o"},"content":{"rendered":"\n<p>Este livro \u00e9 um convite intrigante para explorar as complexas teias das pris\u00f5es invis\u00edveis que todos n\u00f3s enfrentamos em algum momento da vida. As p\u00e1ginas deste livro oferecem a chave para identificar e enfrentar essas pris\u00f5es, libertando-se de algemas que o prendem em um c\u00e1rcere invisivel<br>O autor come\u00e7a questionando a origem do jardim em que a humanidade foi colocada, lan\u00e7ando a provocativa quest\u00e3o: Deus criou um paraiso ou uma pris\u00e3o? Uma viagem pelo livro de G\u00eanesis e a hist\u00f3ria do \u00c9den lan\u00e7a luz sobre essa quest\u00e3o, revelando como a escolha de Ad\u00e3o e Eva impactou n\u00e3o apenas sua exist\u00eancia, mas tamb\u00e9m a humanidade como um todo.<br>Cleberson explora o conceito de liberdade divina e como fomos feitos \u00e0 imagem e semelhan\u00e7a do Criador, oferecendo uma vis\u00e3o \u00fanica sobre o prop\u00f3sito da vida e a natureza do homem. O leitor \u00e9 desafiado a considerar o significado de suas pr\u00f3prias pris\u00f5es, sejam elas espirituais, da alma, medo, d\u00favida, inseguran\u00e7a ou f\u00edsicas.<br>Ao aceitar o desafio proposto pelo autor, voc\u00ea embarcar\u00e1 em uma jornada de transforma\u00e7\u00e3o interior. Este livro oferece os c\u00f3digos para abrir as portas dessas pris\u00f5es, permitindo que voc\u00ea caminhe diariamente com o Senhor, aproveitando todas as oportunidades que a vida oferece.<\/p>\n","protected":false},"excerpt":{"rendered":"<p>N\u00e3o fique preso a ningu\u00e9m! Viva uma vida pronto para morrer, morra pronto para viver.<\/p>\n","protected":false},"featured_media":18,"comment_status":"open","ping_status":"closed","template":"","meta":{"_eb_attr":""},"product_brand":[],"product_cat":[18,16],"product_tag":[22,21,23,20],"class_list":{"0":"post-322","1":"product","2":"type-product","3":"status-publish","4":"has-post-thumbnail","6":"product_cat-livros","7":"product_cat-sem-categoria","8":"product_tag-crescimento","9":"product_tag-desenvolvimento","10":"product_tag-inteligencia-emocional","11":"product_tag-livros","13":"first","14":"instock","15":"sale","16":"virtual","17":"purchasable","18":"product-type-simple"},"_links":{"self":[{"href":"https:\/\/codigosdaprisao.com.br\/index.php?rest_route=\/wp\/v2\/product\/322","targetHints":{"allow":["GET"]}}],"collection":[{"href":"https:\/\/codigosdaprisao.com.br\/index.php?rest_route=\/wp\/v2\/product"}],"about":[{"href":"https:\/\/codigosdaprisao.com.br\/index.php?rest_route=\/wp\/v2\/types\/product"}],"replies":[{"embeddable":true,"href":"https:\/\/codigosdaprisao.com.br\/index.php?rest_route=%2Fwp%2Fv2%2Fcomments&post=322"}],"wp:featuredmedia":[{"embeddable":true,"href":"https:\/\/codigosdaprisao.com.br\/index.php?rest_route=\/wp\/v2\/media\/18"}],"wp:attachment":[{"href":"https:\/\/codigosdaprisao.com.br\/index.php?rest_route=%2Fwp%2Fv2%2Fmedia&parent=322"}],"wp:term":[{"taxonomy":"product_brand","embeddable":true,"href":"https:\/\/codigosdaprisao.com.br\/index.php?rest_route=%2Fwp%2Fv2%2Fproduct_brand&post=322"},{"taxonomy":"product_cat","embeddable":true,"href":"https:\/\/codigosdaprisao.com.br\/index.php?rest_route=%2Fwp%2Fv2%2Fproduct_cat&post=322"},{"taxonomy":"product_tag","embeddable":true,"href":"https:\/\/codigosdaprisao.com.br\/index.php?rest_route=%2Fwp%2Fv2%2Fproduct_tag&post=322"}],"curies":[{"name":"wp","href":"https:\/\/api.w.org\/{rel}","templated":true}]}}