{"id":119,"date":"2023-12-21T15:03:15","date_gmt":"2023-12-21T18:03:15","guid":{"rendered":"https:\/\/codigosdaprisao.com.br\/?page_id=119"},"modified":"2023-12-23T12:35:41","modified_gmt":"2023-12-23T15:35:41","slug":"checkout","status":"publish","type":"page","link":"https:\/\/codigosdaprisao.com.br\/?page_id=119","title":{"rendered":"Checkout"},"content":{"rendered":"\t\t<div data-elementor-type=\"wp-page\" data-elementor-id=\"119\" class=\"elementor elementor-119\" data-elementor-post-type=\"page\">\n\t\t\t\t<div class=\"elementor-element elementor-element-10e0062 e-flex e-con-boxed e-con e-parent\" data-id=\"10e0062\" data-element_type=\"container\" data-e-type=\"container\">\n\t\t\t\t\t<div class=\"e-con-inner\">\n\t\t\t\t<div class=\"elementor-element elementor-element-00f2d00 elementor-widget elementor-widget-image\" data-id=\"00f2d00\" data-element_type=\"widget\" data-e-type=\"widget\" data-widget_type=\"image.default\">\n\t\t\t\t<div class=\"elementor-widget-container\">\n\t\t\t\t\t\t\t\t\t\t\t\t\t\t\t<img fetchpriority=\"high\" decoding=\"async\" width=\"1024\" height=\"228\" src=\"https:\/\/codigosdaprisao.com.br\/wp-content\/uploads\/2023\/12\/og-1024x228.png\" class=\"attachment-large size-large wp-image-329\" alt=\"\" srcset=\"https:\/\/codigosdaprisao.com.br\/wp-content\/uploads\/2023\/12\/og-1024x228.png 1024w, https:\/\/codigosdaprisao.com.br\/wp-content\/uploads\/2023\/12\/og-300x67.png 300w, https:\/\/codigosdaprisao.com.br\/wp-content\/uploads\/2023\/12\/og-768x171.png 768w, https:\/\/codigosdaprisao.com.br\/wp-content\/uploads\/2023\/12\/og-600x134.png 600w, https:\/\/codigosdaprisao.com.br\/wp-content\/uploads\/2023\/12\/og.png 1200w\" sizes=\"(max-width: 1024px) 100vw, 1024px\" \/>\t\t\t\t\t\t\t\t\t\t\t\t\t\t\t<\/div>\n\t\t\t\t<\/div>\n\t\t\t\t\t<\/div>\n\t\t\t\t<\/div>\n\t\t<div class=\"elementor-element elementor-element-0091988 e-flex e-con-boxed e-con e-parent\" data-id=\"0091988\" data-element_type=\"container\" data-e-type=\"container\">\n\t\t\t\t\t<div class=\"e-con-inner\">\n\t\t\t\t<div class=\"elementor-element elementor-element-2e73bc2 elementor-widget elementor-widget-eael-woo-checkout\" data-id=\"2e73bc2\" data-element_type=\"widget\" data-e-type=\"widget\" data-widget_type=\"eael-woo-checkout.default\">\n\t\t\t\t<div class=\"elementor-widget-container\">\n\t\t\t\t\t        <div data-checkout=\"{&quot;ea_woo_checkout_layout&quot;:&quot;default&quot;,&quot;ea_woo_checkout_table_header_text&quot;:&quot;yes&quot;,&quot;ea_woo_checkout_table_product_text&quot;:&quot;Produto&quot;,&quot;ea_woo_checkout_table_quantity_text&quot;:&quot;Quantidade&quot;,&quot;ea_woo_checkout_table_price_text&quot;:&quot;Pre\\u00e7o&quot;,&quot;ea_woo_checkout_shop_link&quot;:&quot;&quot;,&quot;ea_woo_checkout_shop_link_text&quot;:null,&quot;ea_woo_checkout_table_subtotal_text&quot;:&quot;Subtotal&quot;,&quot;ea_woo_checkout_table_shipping_text&quot;:&quot;Envio&quot;,&quot;ea_woo_checkout_table_total_text&quot;:&quot;Total&quot;,&quot;ea_woo_checkout_cart_update_enable&quot;:&quot;&quot;}\" class=\"ea-woo-checkout layout-default checkout-reorder-enabled\" data-checkout_ids=\"{&quot;billing&quot;:{&quot;billing_first_name&quot;:&quot;form-row-first&quot;,&quot;billing_last_name&quot;:&quot;form-row-last&quot;,&quot;billing_company&quot;:&quot;form-row-wide&quot;,&quot;billing_country&quot;:&quot;form-row-wide&quot;,&quot;billing_address_1&quot;:&quot;form-row-wide&quot;,&quot;billing_address_2&quot;:&quot;form-row-wide&quot;,&quot;billing_city&quot;:&quot;form-row-wide&quot;,&quot;billing_state&quot;:&quot;form-row-wide&quot;,&quot;billing_postcode&quot;:&quot;form-row-wide&quot;,&quot;billing_phone&quot;:&quot;form-row-wide&quot;,&quot;billing_email&quot;:&quot;form-row-wide&quot;},&quot;shipping&quot;:{&quot;shipping_first_name&quot;:&quot;form-row-first&quot;,&quot;shipping_last_name&quot;:&quot;form-row-last&quot;,&quot;shipping_company&quot;:&quot;form-row-wide&quot;,&quot;shipping_country&quot;:&quot;form-row-wide&quot;,&quot;shipping_address_1&quot;:&quot;form-row-wide&quot;,&quot;shipping_address_2&quot;:&quot;form-row-wide&quot;,&quot;shipping_city&quot;:&quot;form-row-wide&quot;,&quot;shipping_state&quot;:&quot;form-row-wide&quot;,&quot;shipping_postcode&quot;:&quot;form-row-wide&quot;}}\" data-button_texts=\"{&quot;place_order&quot;:&quot;Finalizar pedido&quot;}\">\n            <div type=\"text\/template\" id=\"eael-wc-billing-reordered-fields\">\n                <div class=\"eael-woo-billing-fields\"><\/div>\n            <\/div>\n            <div type=\"text\/template\" id=\"eael-wc-shipping-reordered-fields\">\n                <div class=\"eael-woo-shipping-fields\"><\/div>\n            <\/div>\n            <div class=\"woocommerce\">\n                <style>\n                    .woocommerce .blockUI.blockOverlay:before {\n                        background-image: url('\/home\/u460154458\/domains\/codigosdaprisao.com.br\/public_html\/wp-content\/plugins\/woocommerce\/assets\/images\/icons\/loader.svg') center center !important;\n                    }\n                <\/style>\n\t\t\t\t<div class=\"woocommerce-notices-wrapper\"><\/div>            <\/div>\n        <\/div>\n\t\t\t\t\t\t<\/div>\n\t\t\t\t<\/div>\n\t\t\t\t\t<\/div>\n\t\t\t\t<\/div>\n\t\t\t\t<\/div>\n\t\t","protected":false},"excerpt":{"rendered":"<p>Seu pedido Produto Quantidade Pre\u00e7o Livro C\u00f3digos da Pris\u00e3o&nbsp; 1 &#82;&#36;&nbsp;29,90 Subtotal &#82;&#36;&nbsp;29,90 Total &#82;&#36;&nbsp;29,90 Tem um cupom? Clique aqui para digitar seu c\u00f3digo Se voc\u00ea possui um c\u00f3digo de cupom, aplique-o abaixo. Aplicar cupom Detalhes de faturamento Nome&nbsp;* Sobrenome&nbsp;* Nome da empresa&nbsp;(opcional) Pa\u00eds&nbsp;*Selecione um pa\u00eds&hellip;Afeganist\u00e3o\u00c1frica do SulAlb\u00e2niaAlemanhaAndorraAngolaAnguillaAnt\u00e1rticaAnt\u00edgua e BarbudaAr\u00e1bia SauditaArg\u00e9liaArgentinaArm\u00eaniaArubaAustr\u00e1lia\u00c1ustriaAzerbaij\u00e3oBahamasBangladeshBarbadosBar\u00e9mBelauB\u00e9lgicaBelizeBenimBermudasBielorr\u00fassiaBol\u00edviaB\u00f3snia e HerzegovinaBotsuanaBrasilBruneiBulg\u00e1riaBurquina FassoBur\u00fandiBut\u00e3oCabo VerdeCamar\u00f5esCambojaCanad\u00e1CatarCazaquist\u00e3oChadeChileChinaChipreCingapuraCol\u00f4mbiaComoresComunidade [&hellip;]<\/p>\n","protected":false},"author":1,"featured_media":0,"parent":0,"menu_order":0,"comment_status":"closed","ping_status":"closed","template":"elementor_canvas","meta":{"_eb_attr":"","footnotes":""},"class_list":["post-119","page","type-page","status-publish","hentry"],"_links":{"self":[{"href":"https:\/\/codigosdaprisao.com.br\/index.php?rest_route=\/wp\/v2\/pages\/119","targetHints":{"allow":["GET"]}}],"collection":[{"href":"https:\/\/codigosdaprisao.com.br\/index.php?rest_route=\/wp\/v2\/pages"}],"about":[{"href":"https:\/\/codigosdaprisao.com.br\/index.php?rest_route=\/wp\/v2\/types\/page"}],"author":[{"embeddable":true,"href":"https:\/\/codigosdaprisao.com.br\/index.php?rest_route=\/wp\/v2\/users\/1"}],"replies":[{"embeddable":true,"href":"https:\/\/codigosdaprisao.com.br\/index.php?rest_route=%2Fwp%2Fv2%2Fcomments&post=119"}],"version-history":[{"count":28,"href":"https:\/\/codigosdaprisao.com.br\/index.php?rest_route=\/wp\/v2\/pages\/119\/revisions"}],"predecessor-version":[{"id":359,"href":"https:\/\/codigosdaprisao.com.br\/index.php?rest_route=\/wp\/v2\/pages\/119\/revisions\/359"}],"wp:attachment":[{"href":"https:\/\/codigosdaprisao.com.br\/index.php?rest_route=%2Fwp%2Fv2%2Fmedia&parent=119"}],"curies":[{"name":"wp","href":"https:\/\/api.w.org\/{rel}","templated":true}]}}